{"id":63,"date":"2021-11-16T14:28:43","date_gmt":"2021-11-16T14:28:43","guid":{"rendered":"https:\/\/new22.venue-planner.com\/?post_type=product&#038;p=63"},"modified":"2022-09-15T09:23:29","modified_gmt":"2022-09-15T09:23:29","slug":"venue-planner-mini","status":"publish","type":"product","link":"https:\/\/venue-planner.com\/pt\/produto\/venue-planner-mini\/","title":{"rendered":"Planeador de locais Mini"},"content":{"rendered":"<p>Coloque seu pessoal no plano do evento com um clique do mouse e mantenha o or\u00e7amento sob controle automaticamente. O planejamento de pessoal para eventos estabelece a base para o planejamento de seguran\u00e7a de eventos. Voc\u00ea pode planejar o material para seu evento com a mesma facilidade - simplesmente arrastando e soltando.<\/p>\n<p>&nbsp;<\/p>\n<p>Com a vers\u00e3o mini, voc\u00ea pode planejar pequenos eventos que n\u00e3o acontecem regularmente e requerem apenas um pequeno n\u00famero de funcion\u00e1rios.<\/p>\n<p>&nbsp;<\/p>\n<p>Aten\u00e7\u00e3o: Atualmente, o Venue Planner s\u00f3 funciona com o Google Chrome.<\/p>","protected":false},"excerpt":{"rendered":"<p>Platziere Dein Personal per Maus-Klick auf Deinem Veranstaltungsplan und behalte dabei das Budget automatisch unter Kontrolle. Die Personalplanung f\u00fcr Veranstaltungen legt den Grundstein f\u00fcr die Veranstaltungssicherheitsplanung. Genauso leicht kannst Du Material f\u00fcr ihre Veranstaltung planen \u2013 einfach und per Drag and Drop. &nbsp; Mit der Mini-Version planst Du kleine Veranstaltungen, die nicht regelm\u00e4\u00dfig stattfinden und [&hellip;]<\/p>\n","protected":false},"featured_media":167,"comment_status":"open","ping_status":"closed","template":"","meta":[],"product_brand":[],"product_cat":[15],"product_tag":[],"class_list":{"0":"post-63","1":"product","2":"type-product","3":"status-publish","4":"has-post-thumbnail","6":"product_cat-unkategorisiert","8":"first","9":"instock","10":"sold-individually","11":"taxable","12":"shipping-taxable","13":"purchasable","14":"product-type-simple"},"_links":{"self":[{"href":"https:\/\/venue-planner.com\/pt\/wp-json\/wp\/v2\/product\/63","targetHints":{"allow":["GET"]}}],"collection":[{"href":"https:\/\/venue-planner.com\/pt\/wp-json\/wp\/v2\/product"}],"about":[{"href":"https:\/\/venue-planner.com\/pt\/wp-json\/wp\/v2\/types\/product"}],"replies":[{"embeddable":true,"href":"https:\/\/venue-planner.com\/pt\/wp-json\/wp\/v2\/comments?post=63"}],"wp:featuredmedia":[{"embeddable":true,"href":"https:\/\/venue-planner.com\/pt\/wp-json\/wp\/v2\/media\/167"}],"wp:attachment":[{"href":"https:\/\/venue-planner.com\/pt\/wp-json\/wp\/v2\/media?parent=63"}],"wp:term":[{"taxonomy":"product_brand","embeddable":true,"href":"https:\/\/venue-planner.com\/pt\/wp-json\/wp\/v2\/product_brand?post=63"},{"taxonomy":"product_cat","embeddable":true,"href":"https:\/\/venue-planner.com\/pt\/wp-json\/wp\/v2\/product_cat?post=63"},{"taxonomy":"product_tag","embeddable":true,"href":"https:\/\/venue-planner.com\/pt\/wp-json\/wp\/v2\/product_tag?post=63"}],"curies":[{"name":"wp","href":"https:\/\/api.w.org\/{rel}","templated":true}]}}