{"id":47,"date":"2021-11-11T08:10:50","date_gmt":"2021-11-11T08:10:50","guid":{"rendered":"https:\/\/new22.venue-planner.com\/?post_type=product&#038;p=47"},"modified":"2022-09-15T09:23:51","modified_gmt":"2022-09-15T09:23:51","slug":"venue-planner-basic","status":"publish","type":"product","link":"https:\/\/venue-planner.com\/pt\/produto\/venue-planner-basic\/","title":{"rendered":"Planejador de local Basic"},"content":{"rendered":"<p>Coloque seu pessoal no plano do evento com um clique do mouse e mantenha o or\u00e7amento sob controle automaticamente. O planejamento de pessoal para eventos estabelece a base para o planejamento de seguran\u00e7a de eventos. Voc\u00ea pode planejar o material para seu evento com a mesma facilidade - simplesmente arrastando e soltando.<\/p>\n<p>&nbsp;<\/p>\n<p>A vers\u00e3o Basic \u00e9 mais adequada para locais e organizadores menores, bem como para clubes esportivos que n\u00e3o precisam planejar com muito pessoal.<\/p>\n<p>&nbsp;<\/p>\n<p>Aten\u00e7\u00e3o: Atualmente, o Venue Planner s\u00f3 funciona com o Google Chrome.<\/p>","protected":false},"excerpt":{"rendered":"<p>Platziere Dein Personal per Maus-Klick auf Deinem Veranstaltungsplan und behalte dabei das Budget automatisch unter Kontrolle. Die Personalplanung f\u00fcr Veranstaltungen legt den Grundstein f\u00fcr die Veranstaltungssicherheitsplanung. Genauso leicht kannst Du Material f\u00fcr ihre Veranstaltung planen \u2013 einfach und per Drag and Drop. &nbsp; Die Basic-Version eignet sich am besten f\u00fcr kleinere Venues und Veranstalter, sowie [&hellip;]<\/p>\n","protected":false},"featured_media":166,"comment_status":"open","ping_status":"closed","template":"","meta":[],"product_brand":[],"product_cat":[15],"product_tag":[],"class_list":{"0":"post-47","1":"product","2":"type-product","3":"status-publish","4":"has-post-thumbnail","6":"product_cat-unkategorisiert","8":"first","9":"instock","10":"taxable","11":"shipping-taxable","12":"purchasable","13":"product-type-simple"},"_links":{"self":[{"href":"https:\/\/venue-planner.com\/pt\/wp-json\/wp\/v2\/product\/47","targetHints":{"allow":["GET"]}}],"collection":[{"href":"https:\/\/venue-planner.com\/pt\/wp-json\/wp\/v2\/product"}],"about":[{"href":"https:\/\/venue-planner.com\/pt\/wp-json\/wp\/v2\/types\/product"}],"replies":[{"embeddable":true,"href":"https:\/\/venue-planner.com\/pt\/wp-json\/wp\/v2\/comments?post=47"}],"wp:featuredmedia":[{"embeddable":true,"href":"https:\/\/venue-planner.com\/pt\/wp-json\/wp\/v2\/media\/166"}],"wp:attachment":[{"href":"https:\/\/venue-planner.com\/pt\/wp-json\/wp\/v2\/media?parent=47"}],"wp:term":[{"taxonomy":"product_brand","embeddable":true,"href":"https:\/\/venue-planner.com\/pt\/wp-json\/wp\/v2\/product_brand?post=47"},{"taxonomy":"product_cat","embeddable":true,"href":"https:\/\/venue-planner.com\/pt\/wp-json\/wp\/v2\/product_cat?post=47"},{"taxonomy":"product_tag","embeddable":true,"href":"https:\/\/venue-planner.com\/pt\/wp-json\/wp\/v2\/product_tag?post=47"}],"curies":[{"name":"wp","href":"https:\/\/api.w.org\/{rel}","templated":true}]}}