{"id":64,"date":"2021-11-16T14:29:11","date_gmt":"2021-11-16T14:29:11","guid":{"rendered":"https:\/\/new22.venue-planner.com\/?post_type=product&#038;p=64"},"modified":"2022-09-15T09:24:18","modified_gmt":"2022-09-15T09:24:18","slug":"venue-planner-premium","status":"publish","type":"product","link":"https:\/\/venue-planner.com\/hu\/termek\/venue-planner-premium\/","title":{"rendered":"Venue Planner Premium"},"content":{"rendered":"<p>Egyetlen eg\u00e9rkattint\u00e1ssal helyezze el munkat\u00e1rsait az esem\u00e9nytervben, \u00e9s automatikusan tartsa ellen\u0151rz\u00e9s alatt a k\u00f6lts\u00e9gvet\u00e9st. Az export funkci\u00f3 lehet\u0151v\u00e9 teszi az esem\u00e9ny list\u00e1inak \u00e9s terveinek export\u00e1l\u00e1s\u00e1t. A rendezv\u00e9nyek szem\u00e9lyzeti tervez\u00e9se megalapozza a rendezv\u00e9nyek biztons\u00e1gi tervez\u00e9s\u00e9t. Ugyanilyen egyszer\u0171en tervezheti meg az esem\u00e9ny anyag\u00e1t - egyszer\u0171en h\u00faz\u00e1ssal \u00e9s ejt\u00e9ssel.<\/p>\n<p>&nbsp;<\/p>\n<p>A pr\u00e9mium verzi\u00f3val a 2. \u00e9s 3. lig\u00e1ban szerepl\u0151 futballklubok, valamint a k\u00f6z\u00e9p- \u00e9s nagyv\u00e1rosok mindenf\u00e9le rendezv\u00e9ny\u00e9\u00e9rt felel\u0151s szem\u00e9lyek tervezik meg esem\u00e9nyeiket.<\/p>\n<p>&nbsp;<\/p>\n<p>Figyelem: A Venue Planner jelenleg csak a Google Chrome b\u00f6ng\u00e9sz\u0151vel m\u0171k\u00f6dik.<\/p>","protected":false},"excerpt":{"rendered":"<p>Platziere Dein Personal per Maus-Klick auf Deinem Veranstaltungsplan und behalte dabei das Budget automatisch unter Kontrolle. Die Export-Funktion erlaubt es Dir, Listen und Pl\u00e4ne Deiner Veranstaltung zu exportieren. Die Personalplanung f\u00fcr Veranstaltungen legt den Grundstein f\u00fcr die Veranstaltungssicherheitsplanung. Genauso leicht kannst Du Material f\u00fcr ihre Veranstaltung planen \u2013 einfach und per Drag and Drop. &nbsp; [&hellip;]<\/p>\n","protected":false},"featured_media":168,"comment_status":"open","ping_status":"closed","template":"","meta":[],"product_brand":[],"product_cat":[15],"product_tag":[],"class_list":{"0":"post-64","1":"product","2":"type-product","3":"status-publish","4":"has-post-thumbnail","6":"product_cat-unkategorisiert","8":"first","9":"instock","10":"taxable","11":"shipping-taxable","12":"purchasable","13":"product-type-simple"},"_links":{"self":[{"href":"https:\/\/venue-planner.com\/hu\/wp-json\/wp\/v2\/product\/64","targetHints":{"allow":["GET"]}}],"collection":[{"href":"https:\/\/venue-planner.com\/hu\/wp-json\/wp\/v2\/product"}],"about":[{"href":"https:\/\/venue-planner.com\/hu\/wp-json\/wp\/v2\/types\/product"}],"replies":[{"embeddable":true,"href":"https:\/\/venue-planner.com\/hu\/wp-json\/wp\/v2\/comments?post=64"}],"wp:featuredmedia":[{"embeddable":true,"href":"https:\/\/venue-planner.com\/hu\/wp-json\/wp\/v2\/media\/168"}],"wp:attachment":[{"href":"https:\/\/venue-planner.com\/hu\/wp-json\/wp\/v2\/media?parent=64"}],"wp:term":[{"taxonomy":"product_brand","embeddable":true,"href":"https:\/\/venue-planner.com\/hu\/wp-json\/wp\/v2\/product_brand?post=64"},{"taxonomy":"product_cat","embeddable":true,"href":"https:\/\/venue-planner.com\/hu\/wp-json\/wp\/v2\/product_cat?post=64"},{"taxonomy":"product_tag","embeddable":true,"href":"https:\/\/venue-planner.com\/hu\/wp-json\/wp\/v2\/product_tag?post=64"}],"curies":[{"name":"wp","href":"https:\/\/api.w.org\/{rel}","templated":true}]}}