{"id":63,"date":"2021-11-16T14:28:43","date_gmt":"2021-11-16T14:28:43","guid":{"rendered":"https:\/\/new22.venue-planner.com\/?post_type=product&#038;p=63"},"modified":"2022-09-15T09:23:29","modified_gmt":"2022-09-15T09:23:29","slug":"venue-planner-mini","status":"publish","type":"product","link":"https:\/\/venue-planner.com\/hu\/termek\/venue-planner-mini\/","title":{"rendered":"Helysz\u00edn tervez\u0151 Mini"},"content":{"rendered":"<p>Egyetlen eg\u00e9rkattint\u00e1ssal helyezze el munkat\u00e1rsait az esem\u00e9nytervben, \u00e9s automatikusan tartsa ellen\u0151rz\u00e9s alatt a k\u00f6lts\u00e9gvet\u00e9st. A rendezv\u00e9nyek szem\u00e9lyzeti tervez\u00e9se megalapozza a rendezv\u00e9nyek biztons\u00e1gi tervez\u00e9s\u00e9t. Ugyanilyen egyszer\u0171en tervezheti meg az esem\u00e9ny anyag\u00e1t - egyszer\u0171en h\u00faz\u00e1ssal \u00e9s ejt\u00e9ssel.<\/p>\n<p>&nbsp;<\/p>\n<p>A mini verzi\u00f3val kisebb, nem rendszeresen megrendez\u00e9sre ker\u00fcl\u0151 \u00e9s csak kis l\u00e9tsz\u00e1m\u00fa szem\u00e9lyzetet ig\u00e9nyl\u0151 esem\u00e9nyeket tervezhet.<\/p>\n<p>&nbsp;<\/p>\n<p>Figyelem: A Venue Planner jelenleg csak a Google Chrome b\u00f6ng\u00e9sz\u0151vel m\u0171k\u00f6dik.<\/p>","protected":false},"excerpt":{"rendered":"<p>Platziere Dein Personal per Maus-Klick auf Deinem Veranstaltungsplan und behalte dabei das Budget automatisch unter Kontrolle. Die Personalplanung f\u00fcr Veranstaltungen legt den Grundstein f\u00fcr die Veranstaltungssicherheitsplanung. Genauso leicht kannst Du Material f\u00fcr ihre Veranstaltung planen \u2013 einfach und per Drag and Drop. &nbsp; Mit der Mini-Version planst Du kleine Veranstaltungen, die nicht regelm\u00e4\u00dfig stattfinden und [&hellip;]<\/p>\n","protected":false},"featured_media":167,"comment_status":"open","ping_status":"closed","template":"","meta":[],"product_brand":[],"product_cat":[15],"product_tag":[],"class_list":{"0":"post-63","1":"product","2":"type-product","3":"status-publish","4":"has-post-thumbnail","6":"product_cat-unkategorisiert","8":"first","9":"instock","10":"sold-individually","11":"taxable","12":"shipping-taxable","13":"purchasable","14":"product-type-simple"},"_links":{"self":[{"href":"https:\/\/venue-planner.com\/hu\/wp-json\/wp\/v2\/product\/63","targetHints":{"allow":["GET"]}}],"collection":[{"href":"https:\/\/venue-planner.com\/hu\/wp-json\/wp\/v2\/product"}],"about":[{"href":"https:\/\/venue-planner.com\/hu\/wp-json\/wp\/v2\/types\/product"}],"replies":[{"embeddable":true,"href":"https:\/\/venue-planner.com\/hu\/wp-json\/wp\/v2\/comments?post=63"}],"wp:featuredmedia":[{"embeddable":true,"href":"https:\/\/venue-planner.com\/hu\/wp-json\/wp\/v2\/media\/167"}],"wp:attachment":[{"href":"https:\/\/venue-planner.com\/hu\/wp-json\/wp\/v2\/media?parent=63"}],"wp:term":[{"taxonomy":"product_brand","embeddable":true,"href":"https:\/\/venue-planner.com\/hu\/wp-json\/wp\/v2\/product_brand?post=63"},{"taxonomy":"product_cat","embeddable":true,"href":"https:\/\/venue-planner.com\/hu\/wp-json\/wp\/v2\/product_cat?post=63"},{"taxonomy":"product_tag","embeddable":true,"href":"https:\/\/venue-planner.com\/hu\/wp-json\/wp\/v2\/product_tag?post=63"}],"curies":[{"name":"wp","href":"https:\/\/api.w.org\/{rel}","templated":true}]}}