{"id":47,"date":"2021-11-11T08:10:50","date_gmt":"2021-11-11T08:10:50","guid":{"rendered":"https:\/\/new22.venue-planner.com\/?post_type=product&#038;p=47"},"modified":"2022-09-15T09:23:51","modified_gmt":"2022-09-15T09:23:51","slug":"venue-planner-basic","status":"publish","type":"product","link":"https:\/\/venue-planner.com\/hu\/termek\/venue-planner-basic\/","title":{"rendered":"Helysz\u00edntervez\u0151 Basic"},"content":{"rendered":"<p>Egyetlen eg\u00e9rkattint\u00e1ssal helyezze el munkat\u00e1rsait az esem\u00e9nytervben, \u00e9s automatikusan tartsa ellen\u0151rz\u00e9s alatt a k\u00f6lts\u00e9gvet\u00e9st. A rendezv\u00e9nyek szem\u00e9lyzeti tervez\u00e9se megalapozza a rendezv\u00e9nyek biztons\u00e1gi tervez\u00e9s\u00e9t. Ugyanilyen egyszer\u0171en tervezheti meg az esem\u00e9ny anyag\u00e1t - egyszer\u0171en h\u00faz\u00e1ssal \u00e9s ejt\u00e9ssel.<\/p>\n<p>&nbsp;<\/p>\n<p>A Basic verzi\u00f3 a kisebb helysz\u00ednek \u00e9s szervez\u0151k sz\u00e1m\u00e1ra a legalkalmasabb, valamint olyan sportklubok sz\u00e1m\u00e1ra, amelyeknek nem kell sok munkat\u00e1rssal tervezni\u00fck.<\/p>\n<p>&nbsp;<\/p>\n<p>Figyelem: A Venue Planner jelenleg csak a Google Chrome b\u00f6ng\u00e9sz\u0151vel m\u0171k\u00f6dik.<\/p>","protected":false},"excerpt":{"rendered":"<p>Platziere Dein Personal per Maus-Klick auf Deinem Veranstaltungsplan und behalte dabei das Budget automatisch unter Kontrolle. Die Personalplanung f\u00fcr Veranstaltungen legt den Grundstein f\u00fcr die Veranstaltungssicherheitsplanung. Genauso leicht kannst Du Material f\u00fcr ihre Veranstaltung planen \u2013 einfach und per Drag and Drop. &nbsp; Die Basic-Version eignet sich am besten f\u00fcr kleinere Venues und Veranstalter, sowie [&hellip;]<\/p>\n","protected":false},"featured_media":166,"comment_status":"open","ping_status":"closed","template":"","meta":[],"product_brand":[],"product_cat":[15],"product_tag":[],"class_list":{"0":"post-47","1":"product","2":"type-product","3":"status-publish","4":"has-post-thumbnail","6":"product_cat-unkategorisiert","8":"first","9":"instock","10":"taxable","11":"shipping-taxable","12":"purchasable","13":"product-type-simple"},"_links":{"self":[{"href":"https:\/\/venue-planner.com\/hu\/wp-json\/wp\/v2\/product\/47","targetHints":{"allow":["GET"]}}],"collection":[{"href":"https:\/\/venue-planner.com\/hu\/wp-json\/wp\/v2\/product"}],"about":[{"href":"https:\/\/venue-planner.com\/hu\/wp-json\/wp\/v2\/types\/product"}],"replies":[{"embeddable":true,"href":"https:\/\/venue-planner.com\/hu\/wp-json\/wp\/v2\/comments?post=47"}],"wp:featuredmedia":[{"embeddable":true,"href":"https:\/\/venue-planner.com\/hu\/wp-json\/wp\/v2\/media\/166"}],"wp:attachment":[{"href":"https:\/\/venue-planner.com\/hu\/wp-json\/wp\/v2\/media?parent=47"}],"wp:term":[{"taxonomy":"product_brand","embeddable":true,"href":"https:\/\/venue-planner.com\/hu\/wp-json\/wp\/v2\/product_brand?post=47"},{"taxonomy":"product_cat","embeddable":true,"href":"https:\/\/venue-planner.com\/hu\/wp-json\/wp\/v2\/product_cat?post=47"},{"taxonomy":"product_tag","embeddable":true,"href":"https:\/\/venue-planner.com\/hu\/wp-json\/wp\/v2\/product_tag?post=47"}],"curies":[{"name":"wp","href":"https:\/\/api.w.org\/{rel}","templated":true}]}}