{"id":64,"date":"2021-11-16T14:29:11","date_gmt":"2021-11-16T14:29:11","guid":{"rendered":"https:\/\/new22.venue-planner.com\/?post_type=product&#038;p=64"},"modified":"2022-09-15T09:24:18","modified_gmt":"2022-09-15T09:24:18","slug":"venue-planner-premium","status":"publish","type":"product","link":"https:\/\/venue-planner.com\/fr\/produit\/venue-planner-premium\/","title":{"rendered":"Venue Planner Premium"},"content":{"rendered":"<p>Place ton personnel sur le plan de ton \u00e9v\u00e9nement d'un simple clic de souris, tout en gardant automatiquement le contr\u00f4le du budget. La fonction d'exportation te permet d'exporter les listes et les plans de ton \u00e9v\u00e9nement. La planification du personnel pour les \u00e9v\u00e9nements pose la premi\u00e8re pierre de la planification de la s\u00e9curit\u00e9 des \u00e9v\u00e9nements. Tu peux tout aussi facilement planifier le mat\u00e9riel pour leur \u00e9v\u00e9nement - simplement et par glisser-d\u00e9poser.<\/p>\n<p>&nbsp;<\/p>\n<p>Avec la version Premium, les clubs de football des ligues 2 et 3 planifient leurs manifestations, tout comme les responsables des villes moyennes et grandes lors d'\u00e9v\u00e9nements de toutes sortes.<\/p>\n<p>&nbsp;<\/p>\n<p>Attention : Venue Planner ne fonctionne actuellement qu'avec Google Chrome.<\/p>","protected":false},"excerpt":{"rendered":"<p>Platziere Dein Personal per Maus-Klick auf Deinem Veranstaltungsplan und behalte dabei das Budget automatisch unter Kontrolle. Die Export-Funktion erlaubt es Dir, Listen und Pl\u00e4ne Deiner Veranstaltung zu exportieren. Die Personalplanung f\u00fcr Veranstaltungen legt den Grundstein f\u00fcr die Veranstaltungssicherheitsplanung. Genauso leicht kannst Du Material f\u00fcr ihre Veranstaltung planen \u2013 einfach und per Drag and Drop. &nbsp; [&hellip;]<\/p>\n","protected":false},"featured_media":168,"comment_status":"open","ping_status":"closed","template":"","meta":[],"product_brand":[],"product_cat":[15],"product_tag":[],"class_list":{"0":"post-64","1":"product","2":"type-product","3":"status-publish","4":"has-post-thumbnail","6":"product_cat-unkategorisiert","8":"first","9":"instock","10":"taxable","11":"shipping-taxable","12":"purchasable","13":"product-type-simple"},"_links":{"self":[{"href":"https:\/\/venue-planner.com\/fr\/wp-json\/wp\/v2\/product\/64","targetHints":{"allow":["GET"]}}],"collection":[{"href":"https:\/\/venue-planner.com\/fr\/wp-json\/wp\/v2\/product"}],"about":[{"href":"https:\/\/venue-planner.com\/fr\/wp-json\/wp\/v2\/types\/product"}],"replies":[{"embeddable":true,"href":"https:\/\/venue-planner.com\/fr\/wp-json\/wp\/v2\/comments?post=64"}],"wp:featuredmedia":[{"embeddable":true,"href":"https:\/\/venue-planner.com\/fr\/wp-json\/wp\/v2\/media\/168"}],"wp:attachment":[{"href":"https:\/\/venue-planner.com\/fr\/wp-json\/wp\/v2\/media?parent=64"}],"wp:term":[{"taxonomy":"product_brand","embeddable":true,"href":"https:\/\/venue-planner.com\/fr\/wp-json\/wp\/v2\/product_brand?post=64"},{"taxonomy":"product_cat","embeddable":true,"href":"https:\/\/venue-planner.com\/fr\/wp-json\/wp\/v2\/product_cat?post=64"},{"taxonomy":"product_tag","embeddable":true,"href":"https:\/\/venue-planner.com\/fr\/wp-json\/wp\/v2\/product_tag?post=64"}],"curies":[{"name":"wp","href":"https:\/\/api.w.org\/{rel}","templated":true}]}}