{"id":64,"date":"2021-11-16T14:29:11","date_gmt":"2021-11-16T14:29:11","guid":{"rendered":"https:\/\/new22.venue-planner.com\/?post_type=product&#038;p=64"},"modified":"2022-09-15T09:24:18","modified_gmt":"2022-09-15T09:24:18","slug":"venue-planner-premium","status":"publish","type":"product","link":"https:\/\/venue-planner.com\/es\/producto\/venue-planner-premium\/","title":{"rendered":"Planificador de espacios Premium"},"content":{"rendered":"<p>Coloque a su personal en el plan de eventos con un clic del rat\u00f3n y mantenga el presupuesto bajo control autom\u00e1ticamente. La funci\u00f3n de exportaci\u00f3n le permite exportar listas y planes de su evento. La planificaci\u00f3n del personal del evento sienta las bases para la planificaci\u00f3n de la seguridad del mismo. Puede planificar el material para su evento con la misma facilidad, simplemente arrastrando y soltando.<\/p>\n<p>&nbsp;<\/p>\n<p>Con la versi\u00f3n premium, los clubes de f\u00fatbol de las ligas 2 y 3 planifican sus eventos, al igual que los responsables de eventos de todo tipo en ciudades medianas y grandes.<\/p>\n<p>&nbsp;<\/p>\n<p>Atenci\u00f3n: actualmente el Planificador de Sedes s\u00f3lo funciona con Google Chrome.<\/p>","protected":false},"excerpt":{"rendered":"<p>Platziere Dein Personal per Maus-Klick auf Deinem Veranstaltungsplan und behalte dabei das Budget automatisch unter Kontrolle. Die Export-Funktion erlaubt es Dir, Listen und Pl\u00e4ne Deiner Veranstaltung zu exportieren. Die Personalplanung f\u00fcr Veranstaltungen legt den Grundstein f\u00fcr die Veranstaltungssicherheitsplanung. Genauso leicht kannst Du Material f\u00fcr ihre Veranstaltung planen \u2013 einfach und per Drag and Drop. &nbsp; [&hellip;]<\/p>\n","protected":false},"featured_media":168,"comment_status":"open","ping_status":"closed","template":"","meta":[],"product_brand":[],"product_cat":[15],"product_tag":[],"class_list":{"0":"post-64","1":"product","2":"type-product","3":"status-publish","4":"has-post-thumbnail","6":"product_cat-unkategorisiert","8":"first","9":"instock","10":"taxable","11":"shipping-taxable","12":"purchasable","13":"product-type-simple"},"_links":{"self":[{"href":"https:\/\/venue-planner.com\/es\/wp-json\/wp\/v2\/product\/64","targetHints":{"allow":["GET"]}}],"collection":[{"href":"https:\/\/venue-planner.com\/es\/wp-json\/wp\/v2\/product"}],"about":[{"href":"https:\/\/venue-planner.com\/es\/wp-json\/wp\/v2\/types\/product"}],"replies":[{"embeddable":true,"href":"https:\/\/venue-planner.com\/es\/wp-json\/wp\/v2\/comments?post=64"}],"wp:featuredmedia":[{"embeddable":true,"href":"https:\/\/venue-planner.com\/es\/wp-json\/wp\/v2\/media\/168"}],"wp:attachment":[{"href":"https:\/\/venue-planner.com\/es\/wp-json\/wp\/v2\/media?parent=64"}],"wp:term":[{"taxonomy":"product_brand","embeddable":true,"href":"https:\/\/venue-planner.com\/es\/wp-json\/wp\/v2\/product_brand?post=64"},{"taxonomy":"product_cat","embeddable":true,"href":"https:\/\/venue-planner.com\/es\/wp-json\/wp\/v2\/product_cat?post=64"},{"taxonomy":"product_tag","embeddable":true,"href":"https:\/\/venue-planner.com\/es\/wp-json\/wp\/v2\/product_tag?post=64"}],"curies":[{"name":"wp","href":"https:\/\/api.w.org\/{rel}","templated":true}]}}