{"id":63,"date":"2021-11-16T14:28:43","date_gmt":"2021-11-16T14:28:43","guid":{"rendered":"https:\/\/new22.venue-planner.com\/?post_type=product&#038;p=63"},"modified":"2022-09-15T09:23:29","modified_gmt":"2022-09-15T09:23:29","slug":"venue-planner-mini","status":"publish","type":"product","link":"https:\/\/venue-planner.com\/es\/producto\/venue-planner-mini\/","title":{"rendered":"Planificador de espacios Mini"},"content":{"rendered":"<p>Coloque a su personal en el plan de eventos con un clic del rat\u00f3n y mantenga el presupuesto bajo control autom\u00e1ticamente. La planificaci\u00f3n del personal para los eventos sienta las bases para la planificaci\u00f3n de la seguridad de los mismos. Puede planificar el material para su evento con la misma facilidad, simplemente arrastrando y soltando.<\/p>\n<p>&nbsp;<\/p>\n<p>Con la versi\u00f3n mini, puede planificar peque\u00f1os eventos que no se celebran con regularidad y que s\u00f3lo requieren un n\u00famero reducido de personal.<\/p>\n<p>&nbsp;<\/p>\n<p>Atenci\u00f3n: actualmente el Planificador de Sedes s\u00f3lo funciona con Google Chrome.<\/p>","protected":false},"excerpt":{"rendered":"<p>Platziere Dein Personal per Maus-Klick auf Deinem Veranstaltungsplan und behalte dabei das Budget automatisch unter Kontrolle. Die Personalplanung f\u00fcr Veranstaltungen legt den Grundstein f\u00fcr die Veranstaltungssicherheitsplanung. Genauso leicht kannst Du Material f\u00fcr ihre Veranstaltung planen \u2013 einfach und per Drag and Drop. &nbsp; Mit der Mini-Version planst Du kleine Veranstaltungen, die nicht regelm\u00e4\u00dfig stattfinden und [&hellip;]<\/p>\n","protected":false},"featured_media":167,"comment_status":"open","ping_status":"closed","template":"","meta":[],"product_brand":[],"product_cat":[15],"product_tag":[],"class_list":{"0":"post-63","1":"product","2":"type-product","3":"status-publish","4":"has-post-thumbnail","6":"product_cat-unkategorisiert","8":"first","9":"instock","10":"sold-individually","11":"taxable","12":"shipping-taxable","13":"purchasable","14":"product-type-simple"},"_links":{"self":[{"href":"https:\/\/venue-planner.com\/es\/wp-json\/wp\/v2\/product\/63","targetHints":{"allow":["GET"]}}],"collection":[{"href":"https:\/\/venue-planner.com\/es\/wp-json\/wp\/v2\/product"}],"about":[{"href":"https:\/\/venue-planner.com\/es\/wp-json\/wp\/v2\/types\/product"}],"replies":[{"embeddable":true,"href":"https:\/\/venue-planner.com\/es\/wp-json\/wp\/v2\/comments?post=63"}],"wp:featuredmedia":[{"embeddable":true,"href":"https:\/\/venue-planner.com\/es\/wp-json\/wp\/v2\/media\/167"}],"wp:attachment":[{"href":"https:\/\/venue-planner.com\/es\/wp-json\/wp\/v2\/media?parent=63"}],"wp:term":[{"taxonomy":"product_brand","embeddable":true,"href":"https:\/\/venue-planner.com\/es\/wp-json\/wp\/v2\/product_brand?post=63"},{"taxonomy":"product_cat","embeddable":true,"href":"https:\/\/venue-planner.com\/es\/wp-json\/wp\/v2\/product_cat?post=63"},{"taxonomy":"product_tag","embeddable":true,"href":"https:\/\/venue-planner.com\/es\/wp-json\/wp\/v2\/product_tag?post=63"}],"curies":[{"name":"wp","href":"https:\/\/api.w.org\/{rel}","templated":true}]}}