{"id":47,"date":"2021-11-11T08:10:50","date_gmt":"2021-11-11T08:10:50","guid":{"rendered":"https:\/\/new22.venue-planner.com\/?post_type=product&#038;p=47"},"modified":"2022-09-15T09:23:51","modified_gmt":"2022-09-15T09:23:51","slug":"venue-planner-basic","status":"publish","type":"product","link":"https:\/\/venue-planner.com\/es\/producto\/venue-planner-basic\/","title":{"rendered":"Planificador de lugares b\u00e1sico"},"content":{"rendered":"<p>Coloque a su personal en el plan de eventos con un clic del rat\u00f3n y mantenga el presupuesto bajo control autom\u00e1ticamente. La planificaci\u00f3n del personal para los eventos sienta las bases para la planificaci\u00f3n de la seguridad de los mismos. Puede planificar el material para su evento con la misma facilidad, simplemente arrastrando y soltando.<\/p>\n<p>&nbsp;<\/p>\n<p>La versi\u00f3n B\u00e1sica es la m\u00e1s adecuada para las sedes y los organizadores m\u00e1s peque\u00f1os, as\u00ed como para los clubes deportivos que no necesitan planificar con mucho personal.<\/p>\n<p>&nbsp;<\/p>\n<p>Atenci\u00f3n: actualmente el Planificador de Sedes s\u00f3lo funciona con Google Chrome.<\/p>","protected":false},"excerpt":{"rendered":"<p>Platziere Dein Personal per Maus-Klick auf Deinem Veranstaltungsplan und behalte dabei das Budget automatisch unter Kontrolle. Die Personalplanung f\u00fcr Veranstaltungen legt den Grundstein f\u00fcr die Veranstaltungssicherheitsplanung. Genauso leicht kannst Du Material f\u00fcr ihre Veranstaltung planen \u2013 einfach und per Drag and Drop. &nbsp; Die Basic-Version eignet sich am besten f\u00fcr kleinere Venues und Veranstalter, sowie [&hellip;]<\/p>\n","protected":false},"featured_media":166,"comment_status":"open","ping_status":"closed","template":"","meta":[],"product_brand":[],"product_cat":[15],"product_tag":[],"class_list":{"0":"post-47","1":"product","2":"type-product","3":"status-publish","4":"has-post-thumbnail","6":"product_cat-unkategorisiert","8":"first","9":"instock","10":"taxable","11":"shipping-taxable","12":"purchasable","13":"product-type-simple"},"_links":{"self":[{"href":"https:\/\/venue-planner.com\/es\/wp-json\/wp\/v2\/product\/47","targetHints":{"allow":["GET"]}}],"collection":[{"href":"https:\/\/venue-planner.com\/es\/wp-json\/wp\/v2\/product"}],"about":[{"href":"https:\/\/venue-planner.com\/es\/wp-json\/wp\/v2\/types\/product"}],"replies":[{"embeddable":true,"href":"https:\/\/venue-planner.com\/es\/wp-json\/wp\/v2\/comments?post=47"}],"wp:featuredmedia":[{"embeddable":true,"href":"https:\/\/venue-planner.com\/es\/wp-json\/wp\/v2\/media\/166"}],"wp:attachment":[{"href":"https:\/\/venue-planner.com\/es\/wp-json\/wp\/v2\/media?parent=47"}],"wp:term":[{"taxonomy":"product_brand","embeddable":true,"href":"https:\/\/venue-planner.com\/es\/wp-json\/wp\/v2\/product_brand?post=47"},{"taxonomy":"product_cat","embeddable":true,"href":"https:\/\/venue-planner.com\/es\/wp-json\/wp\/v2\/product_cat?post=47"},{"taxonomy":"product_tag","embeddable":true,"href":"https:\/\/venue-planner.com\/es\/wp-json\/wp\/v2\/product_tag?post=47"}],"curies":[{"name":"wp","href":"https:\/\/api.w.org\/{rel}","templated":true}]}}